{"id":5878,"date":"2024-10-15T17:03:40","date_gmt":"2024-10-15T15:03:40","guid":{"rendered":"https:\/\/y-glam.it\/product\/raglan-jersey-fog-bamboo-carbon-olive\/"},"modified":"2024-12-23T17:03:25","modified_gmt":"2024-12-23T16:03:25","slug":"raglan-jersey-fog-bamboo-carbon-olive","status":"publish","type":"product","link":"https:\/\/y-glam.it\/en\/product\/raglan-jersey-fog-bamboo-carbon-olive\/","title":{"rendered":"RAGLAN JERSEY &#8220;NEBBIA&#8221; \/ BAMBOO CARBON &#8211; OLIVE"},"content":{"rendered":"<p>&nbsp;<\/p>\n\t\t<div data-elementor-type=\"section\" data-elementor-id=\"5456\" class=\"elementor elementor-5456\">\n\t\t<div class=\"elementor-section-wrap\">\n\t\t\t\t\t<section class=\"elementor-section elementor-top-section elementor-element elementor-element-13beb614 elementor-section-boxed elementor-section-height-default elementor-section-height-default\" data-id=\"13beb614\" data-element_type=\"section\">\n\t\t\t\t\t\t<div class=\"elementor-container elementor-column-gap-default\">\n\t\t\t\t\t<div class=\"elementor-column elementor-col-100 elementor-top-column elementor-element elementor-element-2cc9d67e kitify-col-width-auto-no kitify-disable-relative-no\" data-id=\"2cc9d67e\" data-element_type=\"column\">\n\t\t\t<div class=\"elementor-widget-wrap elementor-element-populated\">\n\t\t\t\t\t\t<div class=\"elementor-element elementor-element-4d531ba elementor-widget elementor-widget-image\" data-id=\"4d531ba\" data-element_type=\"widget\" data-widget_type=\"image.default\">\n\t\t\t\t<div class=\"elementor-widget-container\">\n\t\t\t\t\t\t\t\t\t\t\t\t\t\t\t<img fetchpriority=\"high\" decoding=\"async\" width=\"1024\" height=\"960\" src=\"https:\/\/y-glam.it\/wp-content\/uploads\/2024\/10\/3-Copia-1-1024x960.jpg\" class=\"attachment-large size-large wp-image-5835\" alt=\"\" srcset=\"https:\/\/y-glam.it\/wp-content\/uploads\/2024\/10\/3-Copia-1-1024x960.jpg 1024w, https:\/\/y-glam.it\/wp-content\/uploads\/2024\/10\/3-Copia-1-300x281.jpg 300w, https:\/\/y-glam.it\/wp-content\/uploads\/2024\/10\/3-Copia-1-768x720.jpg 768w, https:\/\/y-glam.it\/wp-content\/uploads\/2024\/10\/3-Copia-1-1000x938.jpg 1000w, https:\/\/y-glam.it\/wp-content\/uploads\/2024\/10\/3-Copia-1.jpg 1080w\" sizes=\"(max-width: 1024px) 100vw, 1024px\" \/>\t\t\t\t\t\t\t\t\t\t\t\t\t\t\t<\/div>\n\t\t\t\t<\/div>\n\t\t\t\t<div class=\"elementor-element elementor-element-429c7c89 elementor-widget__width-initial elementor-widget elementor-widget-text-editor\" data-id=\"429c7c89\" data-element_type=\"widget\" data-widget_type=\"text-editor.default\">\n\t\t\t\t<div class=\"elementor-widget-container\">\n\t\t\t\t\t\t\t\t\t<p><strong>MAGLIA CON MANICA A \u00a0RAGLAN \u00a0\u00a0E\u00a0 COLLO &#8220;A SCALDACOLLO&#8221;\u00a0 \u2013 SOSTENIBILIT\u00c0, COMFORT E STILE MADE IN ITALY<\/strong><span style=\"font-size: inherit;\">\u00a0 \u00a0 \u00a0 \u00a0 \u00a0 \u00a0 \u00a0 \u00a0 \u00a0\u00a0<\/span><\/p><p>LA MAGLIA \u00a0&#8220;NEBBIA&#8221; \u00c8 MOLTO PI\u00d9 DI UN CAPO D&#8217;ABBIGLIAMENTO: \u00c8 UN IMPEGNO <br \/>VERSO LA SOSTENIBILIT\u00c0 E LA QUALIT\u00c0\u00a0 ARTIGIANALE ITALIANA.<br \/><span style=\"font-size: inherit;\">REALIZZATA IN <\/span><strong style=\"font-size: inherit;\">CARBONIO DI<\/strong> <strong style=\"font-size: inherit;\">BAMBOO<\/strong><span style=\"font-size: inherit;\"> O IN MORBIDISSIMO <\/span><strong style=\"font-size: inherit;\">JERSEY DI BAMBOO<\/strong><span style=\"font-size: inherit;\">, TUTTI <\/span><span style=\"font-size: inherit;\">TESSUTI\u00a0 ECOSOSTENIBILI, TRASPIRANTI E COMPLETAMENTE \u00a0BIODEGRADABILI, <\/span><span style=\"font-size: inherit;\">RAPPRESENTA UNA SCELTA CONSAPEVOLE\u00a0 PER IL TUO GUARDAROBA E PER IL PIANETA.<\/span><\/p><p><span style=\"font-size: inherit;\">CARATTERIZZATA DA <\/span><strong style=\"font-size: inherit;\">IMPUNTURE IN CONTRASTO COLOR ZAFFERANO<\/strong><span style=\"font-size: inherit;\"> E <\/span><strong style=\"font-size: inherit;\">CUCITURE <\/strong><strong style=\"font-size: inherit;\">PIATTE A 4 AGHI<\/strong><span style=\"font-size: inherit;\">, QUESTA T-SHIRT GARANTISCE\u00a0 UNA VESTIBILIT\u00c0 PERFETTA E UN <\/span><span style=\"font-size: inherit;\">COMFORT SENZA PARI.<\/span><\/p><p>LA SUA MANICA RAGLAN E IL COLLO ALTO A &#8220;SCALDACOLLO&#8221; AGGIUNGONO UN TOCCO<br \/>DI ELEGANZA INFORMALE, RENDENDOLA IDEALE SIA PER ATTIVIT\u00c0 SPORTIVE CHE<br \/>PER OUTFIT CASUAL.<\/p><p>PRODOTTA INTERAMENTE IN ITALIA, &#8220;NEBBIA&#8221; COMBINA TESSUTI DI ALTA QUALIT\u00c0<br \/>AD UNA LAVORAZIONE \u00a0ARTIGIANALE\u00a0 CURATA NEI MINIMI DETTAGLI.<\/p><p>SCEGLI UN CAPO CHE RIFLETTE I TUOI VALORI: ESTETICA, FUNZIONALIT\u00c0 E RISPETTO<br \/>PER L&#8217;AMBIENTE. CON &#8220;NEBBIA&#8221;, INDOSSI IL FUTURO DELLA MODA SOSTENIBILE.<\/p>\t\t\t\t\t\t\t\t<\/div>\n\t\t\t\t<\/div>\n\t\t\t\t\t<\/div>\n\t\t<\/div>\n\t\t\t\t\t<\/div>\n\t\t<\/section>\n\t\t\t\t<section class=\"elementor-section elementor-top-section elementor-element elementor-element-50c8982 elementor-section-stretched elementor-section-full_width elementor-section-height-default elementor-section-height-default\" data-id=\"50c8982\" data-element_type=\"section\" data-settings=\"{&quot;stretch_section&quot;:&quot;section-stretched&quot;}\">\n\t\t\t\t\t\t<div class=\"elementor-container elementor-column-gap-no\">\n\t\t\t\t\t<div class=\"elementor-column elementor-col-100 elementor-top-column elementor-element elementor-element-157418cf kitify-col-width-auto-no kitify-disable-relative-no\" data-id=\"157418cf\" data-element_type=\"column\">\n\t\t\t<div class=\"elementor-widget-wrap elementor-element-populated\">\n\t\t\t\t\t\t\t<\/div>\n\t\t<\/div>\n\t\t\t\t\t<\/div>\n\t\t<\/section>\n\t\t\t\t<section class=\"elementor-section elementor-top-section elementor-element elementor-element-15c5b321 elementor-section-boxed elementor-section-height-default elementor-section-height-default\" data-id=\"15c5b321\" data-element_type=\"section\">\n\t\t\t\t\t\t<div class=\"elementor-container elementor-column-gap-default\">\n\t\t\t\t\t<div class=\"elementor-column elementor-col-50 elementor-top-column elementor-element elementor-element-1d5b238f kitify-col-width-auto-no kitify-disable-relative-no\" data-id=\"1d5b238f\" data-element_type=\"column\">\n\t\t\t<div class=\"elementor-widget-wrap elementor-element-populated\">\n\t\t\t\t\t\t<div class=\"elementor-element elementor-element-2fd109f elementor-widget elementor-widget-spacer\" data-id=\"2fd109f\" data-element_type=\"widget\" data-widget_type=\"spacer.default\">\n\t\t\t\t<div class=\"elementor-widget-container\">\n\t\t\t\t\t\t\t<div class=\"elementor-spacer\">\n\t\t\t<div class=\"elementor-spacer-inner\"><\/div>\n\t\t<\/div>\n\t\t\t\t\t\t<\/div>\n\t\t\t\t<\/div>\n\t\t\t\t<div class=\"elementor-element elementor-element-72eb27c2 elementor-widget elementor-widget-image\" data-id=\"72eb27c2\" data-element_type=\"widget\" data-widget_type=\"image.default\">\n\t\t\t\t<div class=\"elementor-widget-container\">\n\t\t\t\t\t\t\t\t\t\t\t\t\t\t\t<img decoding=\"async\" width=\"724\" height=\"1024\" src=\"https:\/\/y-glam.it\/wp-content\/uploads\/2024\/10\/MISURARE-UOMO_page-0001-1-724x1024.jpg\" class=\"attachment-large size-large wp-image-5444\" alt=\"\" srcset=\"https:\/\/y-glam.it\/wp-content\/uploads\/2024\/10\/MISURARE-UOMO_page-0001-1-724x1024.jpg 724w, https:\/\/y-glam.it\/wp-content\/uploads\/2024\/10\/MISURARE-UOMO_page-0001-1-212x300.jpg 212w, https:\/\/y-glam.it\/wp-content\/uploads\/2024\/10\/MISURARE-UOMO_page-0001-1-768x1086.jpg 768w, https:\/\/y-glam.it\/wp-content\/uploads\/2024\/10\/MISURARE-UOMO_page-0001-1-1086x1536.jpg 1086w, https:\/\/y-glam.it\/wp-content\/uploads\/2024\/10\/MISURARE-UOMO_page-0001-1-1000x1414.jpg 1000w, https:\/\/y-glam.it\/wp-content\/uploads\/2024\/10\/MISURARE-UOMO_page-0001-1.jpg 1241w\" sizes=\"(max-width: 724px) 100vw, 724px\" \/>\t\t\t\t\t\t\t\t\t\t\t\t\t\t\t<\/div>\n\t\t\t\t<\/div>\n\t\t\t\t\t<\/div>\n\t\t<\/div>\n\t\t\t\t<div class=\"elementor-column elementor-col-50 elementor-top-column elementor-element elementor-element-3d3c9d49 kitify-col-width-auto-no kitify-disable-relative-no\" data-id=\"3d3c9d49\" data-element_type=\"column\">\n\t\t\t<div class=\"elementor-widget-wrap elementor-element-populated\">\n\t\t\t\t\t\t<div class=\"elementor-element elementor-element-44c93dfd elementor-widget elementor-widget-text-editor\" data-id=\"44c93dfd\" data-element_type=\"widget\" data-widget_type=\"text-editor.default\">\n\t\t\t\t<div class=\"elementor-widget-container\">\n\t\t\t\t\t\t\t\t\t<p>PER LA SCELTA DELLA TAGLIA, PRENDETE LE VOSTRE MISURE NEI PUNTI INDICATI SUL DISEGNO A SINISTRA. SUCCESSIVAMENTE CONSULTATE LA TABELLA QUI SOTTO RELATIVA AL CAPO SCELTO.<br><\/p>\t\t\t\t\t\t\t\t<\/div>\n\t\t\t\t<\/div>\n\t\t\t\t<div class=\"elementor-element elementor-element-3da54f2e elementor-widget elementor-widget-image\" data-id=\"3da54f2e\" data-element_type=\"widget\" data-widget_type=\"image.default\">\n\t\t\t\t<div class=\"elementor-widget-container\">\n\t\t\t\t\t\t\t\t\t\t\t\t\t\t\t<img decoding=\"async\" width=\"724\" height=\"1024\" src=\"https:\/\/y-glam.it\/wp-content\/uploads\/2024\/10\/Misure-UOMO_CM_INCH_maglie-724x1024.jpg\" class=\"attachment-large size-large wp-image-5831\" alt=\"\" srcset=\"https:\/\/y-glam.it\/wp-content\/uploads\/2024\/10\/Misure-UOMO_CM_INCH_maglie-724x1024.jpg 724w, https:\/\/y-glam.it\/wp-content\/uploads\/2024\/10\/Misure-UOMO_CM_INCH_maglie-212x300.jpg 212w, https:\/\/y-glam.it\/wp-content\/uploads\/2024\/10\/Misure-UOMO_CM_INCH_maglie-768x1086.jpg 768w, https:\/\/y-glam.it\/wp-content\/uploads\/2024\/10\/Misure-UOMO_CM_INCH_maglie-1086x1536.jpg 1086w, https:\/\/y-glam.it\/wp-content\/uploads\/2024\/10\/Misure-UOMO_CM_INCH_maglie-1000x1415.jpg 1000w, https:\/\/y-glam.it\/wp-content\/uploads\/2024\/10\/Misure-UOMO_CM_INCH_maglie.jpg 1240w\" sizes=\"(max-width: 724px) 100vw, 724px\" \/>\t\t\t\t\t\t\t\t\t\t\t\t\t\t\t<\/div>\n\t\t\t\t<\/div>\n\t\t\t\t\t<\/div>\n\t\t<\/div>\n\t\t\t\t\t<\/div>\n\t\t<\/section>\n\t\t\t\t<section class=\"elementor-section elementor-top-section elementor-element elementor-element-32cafb3d elementor-section-boxed elementor-section-height-default elementor-section-height-default\" data-id=\"32cafb3d\" data-element_type=\"section\">\n\t\t\t\t\t\t<div class=\"elementor-container elementor-column-gap-default\">\n\t\t\t\t\t<div class=\"elementor-column elementor-col-100 elementor-top-column elementor-element elementor-element-45850ac6 kitify-col-width-auto-no kitify-disable-relative-no\" data-id=\"45850ac6\" data-element_type=\"column\">\n\t\t\t<div class=\"elementor-widget-wrap elementor-element-populated\">\n\t\t\t\t\t\t<div class=\"elementor-element elementor-element-1fc64c89 elementor-widget elementor-widget-text-editor\" data-id=\"1fc64c89\" data-element_type=\"widget\" data-widget_type=\"text-editor.default\">\n\t\t\t\t<div class=\"elementor-widget-container\">\n\t\t\t\t\t\t\t\t\t<p>VI CONSIGLIAMO DI\u00a0 CONSULTARE LA PAGINA DEDICATA ALLE CARATTERISTICHE DEI TESSUTI E ALLE ISTRUZIONI DI LAVAGGIO PER SAPERNE DI PIU&#8217;.<\/p><p>\u00a0<\/p>\t\t\t\t\t\t\t\t<\/div>\n\t\t\t\t<\/div>\n\t\t\t\t<div class=\"elementor-element elementor-element-7f72cac elementor-widget elementor-widget-image\" data-id=\"7f72cac\" data-element_type=\"widget\" data-widget_type=\"image.default\">\n\t\t\t\t<div class=\"elementor-widget-container\">\n\t\t\t\t\t\t\t\t\t\t\t\t\t\t\t<img loading=\"lazy\" decoding=\"async\" width=\"948\" height=\"159\" src=\"https:\/\/y-glam.it\/wp-content\/uploads\/2024\/10\/simboli_y-glam.jpg\" class=\"attachment-large size-large wp-image-5448\" alt=\"\" srcset=\"https:\/\/y-glam.it\/wp-content\/uploads\/2024\/10\/simboli_y-glam.jpg 948w, https:\/\/y-glam.it\/wp-content\/uploads\/2024\/10\/simboli_y-glam-300x50.jpg 300w, https:\/\/y-glam.it\/wp-content\/uploads\/2024\/10\/simboli_y-glam-768x129.jpg 768w\" sizes=\"(max-width: 948px) 100vw, 948px\" \/>\t\t\t\t\t\t\t\t\t\t\t\t\t\t\t<\/div>\n\t\t\t\t<\/div>\n\t\t\t\t\t<\/div>\n\t\t<\/div>\n\t\t\t\t\t<\/div>\n\t\t<\/section>\n\t\t\t\t<section class=\"elementor-section elementor-top-section elementor-element elementor-element-23f476e elementor-section-full_width elementor-section-height-default elementor-section-height-default\" data-id=\"23f476e\" data-element_type=\"section\">\n\t\t\t\t\t\t<div class=\"elementor-container elementor-column-gap-default\">\n\t\t\t\t\t<div class=\"elementor-column elementor-col-33 elementor-top-column elementor-element elementor-element-2da7a4a1 kitify-col-width-auto-no kitify-disable-relative-no\" data-id=\"2da7a4a1\" data-element_type=\"column\">\n\t\t\t<div class=\"elementor-widget-wrap elementor-element-populated\">\n\t\t\t\t\t\t<div class=\"elementor-element elementor-element-199ad9f7 elementor-widget elementor-widget-image\" data-id=\"199ad9f7\" data-element_type=\"widget\" data-widget_type=\"image.default\">\n\t\t\t\t<div class=\"elementor-widget-container\">\n\t\t\t\t\t\t\t\t\t\t\t\t\t\t\t<img loading=\"lazy\" decoding=\"async\" width=\"600\" height=\"744\" src=\"https:\/\/y-glam.it\/wp-content\/uploads\/2024\/10\/WhatsApp-Image-2024-08-19-at-18.09.27-Copia-1-600x744.png\" class=\"attachment-woocommerce_thumbnail size-woocommerce_thumbnail wp-image-5450\" alt=\"\" \/>\t\t\t\t\t\t\t\t\t\t\t\t\t\t\t<\/div>\n\t\t\t\t<\/div>\n\t\t\t\t\t<\/div>\n\t\t<\/div>\n\t\t\t\t<div class=\"elementor-column elementor-col-33 elementor-top-column elementor-element elementor-element-61f0aef9 kitify-col-width-auto-no kitify-disable-relative-no\" data-id=\"61f0aef9\" data-element_type=\"column\">\n\t\t\t<div class=\"elementor-widget-wrap elementor-element-populated\">\n\t\t\t\t\t\t<div class=\"elementor-element elementor-element-581d6fa0 elementor-widget elementor-widget-image\" data-id=\"581d6fa0\" data-element_type=\"widget\" data-widget_type=\"image.default\">\n\t\t\t\t<div class=\"elementor-widget-container\">\n\t\t\t\t\t\t\t\t\t\t\t\t\t\t\t<img loading=\"lazy\" decoding=\"async\" width=\"600\" height=\"744\" src=\"https:\/\/y-glam.it\/wp-content\/uploads\/2024\/10\/DSC0844-1-600x744.png\" class=\"attachment-woocommerce_thumbnail size-woocommerce_thumbnail wp-image-5452\" alt=\"\" \/>\t\t\t\t\t\t\t\t\t\t\t\t\t\t\t<\/div>\n\t\t\t\t<\/div>\n\t\t\t\t\t<\/div>\n\t\t<\/div>\n\t\t\t\t<div class=\"elementor-column elementor-col-33 elementor-top-column elementor-element elementor-element-8cf65d6 kitify-col-width-auto-no kitify-disable-relative-no\" data-id=\"8cf65d6\" data-element_type=\"column\">\n\t\t\t<div class=\"elementor-widget-wrap elementor-element-populated\">\n\t\t\t\t\t\t<div class=\"elementor-element elementor-element-cecb58e elementor-widget elementor-widget-image\" data-id=\"cecb58e\" data-element_type=\"widget\" data-widget_type=\"image.default\">\n\t\t\t\t<div class=\"elementor-widget-container\">\n\t\t\t\t\t\t\t\t\t\t\t\t\t\t\t<img loading=\"lazy\" decoding=\"async\" width=\"600\" height=\"744\" src=\"https:\/\/y-glam.it\/wp-content\/uploads\/2024\/10\/4-600x744.jpg\" class=\"attachment-woocommerce_thumbnail size-woocommerce_thumbnail wp-image-5819\" alt=\"\" \/>\t\t\t\t\t\t\t\t\t\t\t\t\t\t\t<\/div>\n\t\t\t\t<\/div>\n\t\t\t\t\t<\/div>\n\t\t<\/div>\n\t\t\t\t\t<\/div>\n\t\t<\/section>\n\t\t\t\t<section class=\"elementor-section elementor-top-section elementor-element elementor-element-60c7543 elementor-section-boxed elementor-section-height-default elementor-section-height-default\" data-id=\"60c7543\" data-element_type=\"section\">\n\t\t\t\t\t\t<div class=\"elementor-container elementor-column-gap-default\">\n\t\t\t\t\t<div class=\"elementor-column elementor-col-100 elementor-top-column elementor-element elementor-element-a0fe991 kitify-col-width-auto-no kitify-disable-relative-no\" data-id=\"a0fe991\" data-element_type=\"column\">\n\t\t\t<div class=\"elementor-widget-wrap\">\n\t\t\t\t\t\t\t<\/div>\n\t\t<\/div>\n\t\t\t\t\t<\/div>\n\t\t<\/section>\n\t\t\t\t<section class=\"elementor-section elementor-top-section elementor-element elementor-element-73bfdc3 elementor-section-boxed elementor-section-height-default elementor-section-height-default\" data-id=\"73bfdc3\" data-element_type=\"section\">\n\t\t\t\t\t\t<div class=\"elementor-container elementor-column-gap-default\">\n\t\t\t\t\t<div class=\"elementor-column elementor-col-100 elementor-top-column elementor-element elementor-element-98d03ab kitify-col-width-auto-no kitify-disable-relative-no\" data-id=\"98d03ab\" data-element_type=\"column\">\n\t\t\t<div class=\"elementor-widget-wrap\">\n\t\t\t\t\t\t\t<\/div>\n\t\t<\/div>\n\t\t\t\t\t<\/div>\n\t\t<\/section>\n\t\t\t\t<section class=\"elementor-section elementor-top-section elementor-element elementor-element-58392a3 elementor-section-boxed elementor-section-height-default elementor-section-height-default\" data-id=\"58392a3\" data-element_type=\"section\">\n\t\t\t\t\t\t<div class=\"elementor-container elementor-column-gap-default\">\n\t\t\t\t\t<div class=\"elementor-column elementor-col-100 elementor-top-column elementor-element elementor-element-b03771c kitify-col-width-auto-no kitify-disable-relative-no\" data-id=\"b03771c\" data-element_type=\"column\">\n\t\t\t<div class=\"elementor-widget-wrap\">\n\t\t\t\t\t\t\t<\/div>\n\t\t<\/div>\n\t\t\t\t\t<\/div>\n\t\t<\/section>\n\t\t\t\t<\/div>\n\t\t<\/div>\n\t\t\n","protected":false},"excerpt":{"rendered":"<p><strong>RAGLAN SLEEVES\/ RING NECK <span style=\"color: #ff0000;\">NEW PRODUCT!<\/span><br \/>\nCode<\/strong>: MU01 &#8211; OLIVE<br \/>\n<strong>Material<\/strong>: BAMBOO CARBON 95% BA\/5%EA<br \/>\n<strong>Color<\/strong>: OLIVE GREEN<br \/>\nAvailable in sizes M, L, XL<\/p>\n","protected":false},"featured_media":5818,"comment_status":"open","ping_status":"closed","template":"","meta":{"_monsterinsights_skip_tracking":false,"_monsterinsights_sitenote_active":false,"_monsterinsights_sitenote_note":"","_monsterinsights_sitenote_category":0},"product_cat":[211],"product_tag":[140,226,212,186,229,224,227,214,156,215,216],"class_list":{"0":"post-5878","1":"product","2":"type-product","3":"status-publish","4":"has-post-thumbnail","6":"product_cat-uomo-en","7":"product_tag-bamboo-en","8":"product_tag-bamboo-carbon","9":"product_tag-made-in-italy-en","10":"product_tag-natural-fabrics","11":"product_tag-olive-green-color-2","12":"product_tag-raglan-sleeve","13":"product_tag-ring-neck-en","14":"product_tag-sportswear-en","15":"product_tag-t-shirt-en","16":"product_tag-tempo-libero-en","17":"product_tag-uomo-en","18":"pa_taglia-l-en","19":"pa_taglia-m-en","20":"pa_taglia-xl-en","22":"first","23":"instock","24":"shipping-taxable","25":"purchasable","26":"product-type-variable"},"_links":{"self":[{"href":"https:\/\/y-glam.it\/en\/wp-json\/wp\/v2\/product\/5878","targetHints":{"allow":["GET"]}}],"collection":[{"href":"https:\/\/y-glam.it\/en\/wp-json\/wp\/v2\/product"}],"about":[{"href":"https:\/\/y-glam.it\/en\/wp-json\/wp\/v2\/types\/product"}],"replies":[{"embeddable":true,"href":"https:\/\/y-glam.it\/en\/wp-json\/wp\/v2\/comments?post=5878"}],"wp:featuredmedia":[{"embeddable":true,"href":"https:\/\/y-glam.it\/en\/wp-json\/wp\/v2\/media\/5818"}],"wp:attachment":[{"href":"https:\/\/y-glam.it\/en\/wp-json\/wp\/v2\/media?parent=5878"}],"wp:term":[{"taxonomy":"product_cat","embeddable":true,"href":"https:\/\/y-glam.it\/en\/wp-json\/wp\/v2\/product_cat?post=5878"},{"taxonomy":"product_tag","embeddable":true,"href":"https:\/\/y-glam.it\/en\/wp-json\/wp\/v2\/product_tag?post=5878"}],"curies":[{"name":"wp","href":"https:\/\/api.w.org\/{rel}","templated":true}]}}